{"id":2280,"date":"2025-02-07T09:57:39","date_gmt":"2025-02-07T08:57:39","guid":{"rendered":"https:\/\/0z9yaubqfbz.preview.infomaniak.website\/?page_id=2280"},"modified":"2025-04-23T10:11:08","modified_gmt":"2025-04-23T08:11:08","slug":"translate","status":"publish","type":"page","link":"https:\/\/sicpublish.no\/no\/translate\/","title":{"rendered":"Across Languages Across cultures"},"content":{"rendered":"<div class=\"wp-block-group has-global-padding is-layout-constrained wp-block-group-is-layout-constrained\">\n<h2 class=\"wp-block-heading has-bebas-neue-font-family\" style=\"font-size:clamp(2.835rem, 2.835rem + ((1vw - 0.2rem) * 4.442), 5.5rem);line-height:1.2\">P\u00e5 tvers av spr\u00e5k <br>P\u00e5 tvers av kulturer<\/h2>\n\n\n\n<div style=\"height:10px;width:0px\" aria-hidden=\"true\" class=\"wp-block-spacer\"><\/div>\n\n\n\n<h3 class=\"wp-block-heading has-x-large-font-size\">Ord s\u00e5 kraftfulle at Iran fengslet forfatteren.<\/h3>\n\n\n\n<h3 class=\"wp-block-heading\">\u2026men kan disse ordene noen gang oversettes?<\/h3>\n\n\n\n<div style=\"height:10px;width:0px\" aria-hidden=\"true\" class=\"wp-block-spacer\"><\/div>\n\n\n\n<h3 class=\"wp-block-heading\">L\u00f8rdag 3. mai<\/h3>\n\n\n\n<p style=\"font-style:normal;font-weight:400\"><strong>Two part<\/strong> event about Language, Poetry, Translation, Iran, Human Rights and Cross Cultural Communication.<\/p>\n\n\n\n<p>Lillehammer bibliotek \u2013 <strong>Gratis og \u00e5pent for alle<\/strong><\/p>\n\n\n\n<p style=\"font-style:normal;font-weight:400\">Meld deg p\u00e5 gratis og sikre deg plass <a href=\"#signup\" data-type=\"internal\" data-id=\"#signup\"><strong>P\u00e5melding<\/strong><\/a><\/p>\n\n\n\n<p>Or sign-up on Facebook at <a href=\"https:\/\/fb.me\/e\/6ro2a20ow\">https:\/\/fb.me\/e\/6ro2a20ow<\/a><\/p>\n\n\n\n<div style=\"height:10px;width:0px\" aria-hidden=\"true\" class=\"wp-block-spacer\"><\/div>\n\n\n\n<div class=\"wp-block-group is-layout-flex wp-block-group-is-layout-flex\">\n<h2 class=\"wp-block-heading has-text-align-left\">Del 1<\/h2>\n\n\n\n<h3 class=\"wp-block-heading\">Samtaler og intervjuer<\/h3>\n<\/div>\n\n\n\n<p>14:00 til 16:00<\/p>\n\n\n\n<p class=\"has-medium-font-size\">Intervju med Mehdi Mousavi \u2013 Iran, undertrykkelse, poesi og eksil<\/p>\n\n\n\n<p style=\"font-style:normal;font-weight:400\">Mehdi Mousavi deler dikt formet av livet som fiende av et brutalt regime, og presenterer sin kommende diktsamling <strong>The Last Kiss<\/strong> en sterk skildring av smerten mange iranere lever med, og hans egen erfaring med forf\u00f8lgelse, fengsel og eksil. Intervjuet av Fatemeh Ekhtesari.<\/p>\n\n\n\n<p class=\"has-medium-font-size\">M\u00f8t oversetterne \u2013 Fra persisk til norsk \/ Fra Iran til Europa<\/p>\n\n\n\n<p style=\"font-style:normal;font-weight:400\">Etterp\u00e5 m\u00f8ter vi oversetterne hans \u2014 Gunstein Bakke og Samuel Tongue \u2014 i samtale med Fatemeh Ekhtesari om hva det virkelig inneb\u00e6rer \u00e5 f\u00f8re en stemme over spr\u00e5k og kulturer. Hvordan formidler man den samme f\u00f8lelsen til et norsk publikum som iranske lesere kjenner? Hva g\u00e5r tapt i oversettelsen \u2013 og hva m\u00e5 aldri g\u00e5 tapt?<\/p>\n\n\n\n<div style=\"height:10px;width:0px\" aria-hidden=\"true\" class=\"wp-block-spacer\"><\/div>\n\n\n\n<div class=\"wp-block-group is-layout-flex wp-block-group-is-layout-flex\">\n<h2 class=\"wp-block-heading has-text-align-left\">Del 2<\/h2>\n\n\n\n<h3 class=\"wp-block-heading\">Praktisk oversettelsesverksted<\/h3>\n<\/div>\n\n\n\n<p>16:00 til 18:00<\/p>\n\n\n\n<p>Ingen erfaring n\u00f8dvendig! Bare en interesse for spr\u00e5k og kultur.<\/p>\n\n\n\n<p>\u00c5pent for deltakere som snakker norsk, engelsk eller persisk.<\/p>\n\n\n\n<p style=\"font-style:normal;font-weight:400\">Fortsett samtalen og samarbeid med teamet om \u00e5 lage en ny norsk eller engelsk versjon av et av Mehdis dikt. Opplev hva oversettelse egentlig handler om \u2013 <strong>kommunikasjon, tolkning og probleml\u00f8sning.<\/strong>.<\/p>\n\n\n\n<p style=\"font-style:normal;font-weight:400\">Passer for deg som er interessert i:<\/p>\n\n\n\n<ul style=\"line-height:2\" class=\"wp-block-list\">\n<li>Norsk spr\u00e5k<\/li>\n\n\n\n<li>Persisk \/ Farsi<\/li>\n\n\n\n<li>Menneskerettigheter <\/li>\n\n\n\n<li>Iran og Midt\u00f8sten <\/li>\n\n\n\n<li>Poesi og oversettelse <\/li>\n\n\n\n<li>Tverrkulturell kommunikasjon <\/li>\n\n\n\n<li>Probleml\u00f8sing og spr\u00e5knerding <\/li>\n\n\n\n<li>\u2026eller bare \u00f8nsker \u00e5 bli kjent med nye folk<\/li>\n<\/ul>\n\n\n\n<div style=\"height:10px;width:0px\" aria-hidden=\"true\" class=\"wp-block-spacer\"><\/div>\n\n\n\n<div class=\"wp-block-group is-nowrap is-layout-flex wp-container-core-group-is-layout-6c531013 wp-block-group-is-layout-flex\">\n<p><strong>Dato:<\/strong> L\u00f8rdag 3. mai 2025<br><strong>Sted:<\/strong> Lillehammer bibliotek<br><strong>Tid:<\/strong> 14:00 &#8211; 18:00<br>Pris: Gratis<\/p>\n<\/div>\n\n\n\n<div style=\"height:40px;width:0px\" aria-hidden=\"true\" class=\"wp-block-spacer\"><\/div>\n\n\n\n<h2 class=\"wp-block-heading\" id=\"signup\">Meld deg p\u00e5 n\u00e5<\/h2>\n\n\n<p>Total Registrations: 11<\/p>\n\n\n<style id=\"wpforms-css-vars-2345-block-45a4942d-099b-47c6-a2ab-6ff4f7e041e4\">\n\t\t\t\t#wpforms-2345.wpforms-block-45a4942d-099b-47c6-a2ab-6ff4f7e041e4 {\n\t\t\t\t--wpforms-label-color: #f9f9f9;\n--wpforms-label-sublabel-color: #ffffff6e;\n--wpforms-field-text-color: #111111;\n--wpforms-field-size-input-height: 43px;\n--wpforms-field-size-input-spacing: 15px;\n--wpforms-field-size-font-size: 16px;\n--wpforms-field-size-line-height: 19px;\n--wpforms-field-size-padding-h: 14px;\n--wpforms-field-size-checkbox-size: 16px;\n--wpforms-field-size-sublabel-spacing: 5px;\n--wpforms-field-size-icon-size: 1;\n--wpforms-label-size-font-size: 16px;\n--wpforms-label-size-line-height: 19px;\n--wpforms-label-size-sublabel-font-size: 14px;\n--wpforms-label-size-sublabel-line-height: 17px;\n--wpforms-button-size-font-size: 17px;\n--wpforms-button-size-height: 41px;\n--wpforms-button-size-padding-h: 15px;\n--wpforms-button-size-margin-top: 10px;\n\t\t\t}\n\t\t\t<\/style><div class=\"wpforms-container wpforms-container-full wpforms-block wpforms-block-45a4942d-099b-47c6-a2ab-6ff4f7e041e4 wpforms-render-modern\" id=\"wpforms-2345\"><form id=\"wpforms-form-2345\" class=\"wpforms-validate wpforms-form wpforms-ajax-form\" data-formid=\"2345\" method=\"post\" enctype=\"multipart\/form-data\" action=\"\/no\/wp-json\/wp\/v2\/pages\/2280\" data-token=\"eec8d63e1f67d183e749ac60d3071e7f\" data-token-time=\"1775408644\" data-trp-original-action=\"\/no\/wp-json\/wp\/v2\/pages\/2280\"><noscript class=\"wpforms-error-noscript\">Please enable JavaScript in your browser to complete this form.<\/noscript><div id=\"wpforms-error-noscript\" style=\"display: none;\">Please enable JavaScript in your browser to complete this form.<\/div><div class=\"wpforms-field-container\">\t\t<div id=\"wpforms-2345-field_3-container\"\n\t\t\tclass=\"wpforms-field wpforms-field-text\"\n\t\t\tdata-field-type=\"text\"\n\t\t\tdata-field-id=\"3\"\n\t\t\t>\n\t\t\t<label class=\"wpforms-field-label\" for=\"wpforms-2345-field_3\" >speak Languages Alias<\/label>\n\t\t\t<input type=\"text\" id=\"wpforms-2345-field_3\" class=\"wpforms-field-medium\" name=\"wpforms[fields][3]\" >\n\t\t<\/div>\n\t\t<div id=\"wpforms-2345-field_1-container\" class=\"wpforms-field wpforms-field-name\" data-field-id=\"1\"><label class=\"wpforms-field-label\" for=\"wpforms-2345-field_1\">Navn eller kallenavn <span class=\"wpforms-required-label\" aria-hidden=\"true\">*<\/span><\/label><input type=\"text\" id=\"wpforms-2345-field_1\" class=\"wpforms-field-medium wpforms-field-required\" name=\"wpforms[fields][1]\" aria-errormessage=\"wpforms-2345-field_1-error\" aria-describedby=\"wpforms-2345-field_1-description\" required><div id=\"wpforms-2345-field_1-description\" class=\"wpforms-field-description\">Real or Assumed &#8211; We don&#8217;t mind.<\/div><\/div><div id=\"wpforms-2345-field_2-container\" class=\"wpforms-field wpforms-field-email\" data-field-id=\"2\"><label class=\"wpforms-field-label\" for=\"wpforms-2345-field_2\">E-post <span class=\"wpforms-required-label\" aria-hidden=\"true\">*<\/span><\/label><input type=\"email\" id=\"wpforms-2345-field_2\" class=\"wpforms-field-medium wpforms-field-required\" name=\"wpforms[fields][2]\" spellcheck=\"false\" aria-errormessage=\"wpforms-2345-field_2-error\" aria-describedby=\"wpforms-2345-field_2-description\" required><div id=\"wpforms-2345-field_2-description\" class=\"wpforms-field-description\">S\u00e5 vi kan sende deg informasjon eller endringer.<\/div><\/div><div id=\"wpforms-2345-field_5-container\" class=\"wpforms-field wpforms-field-checkbox\" data-field-id=\"5\"><fieldset><legend class=\"wpforms-field-label\">Spr\u00e5k du snakker<\/legend><ul id=\"wpforms-2345-field_5\"><li class=\"choice-1 depth-1\"><input type=\"checkbox\" id=\"wpforms-2345-field_5_1\" name=\"wpforms[fields][5][]\" value=\"Norwegian\" aria-errormessage=\"wpforms-2345-field_5_1-error\" aria-describedby=\"wpforms-2345-field_5-description\"  ><label class=\"wpforms-field-label-inline\" for=\"wpforms-2345-field_5_1\">Norsk<\/label><\/li><li class=\"choice-2 depth-1\"><input type=\"checkbox\" id=\"wpforms-2345-field_5_2\" name=\"wpforms[fields][5][]\" value=\"English\" aria-errormessage=\"wpforms-2345-field_5_2-error\" aria-describedby=\"wpforms-2345-field_5-description\"  ><label class=\"wpforms-field-label-inline\" for=\"wpforms-2345-field_5_2\">English<\/label><\/li><li class=\"choice-3 depth-1\"><input type=\"checkbox\" id=\"wpforms-2345-field_5_3\" name=\"wpforms[fields][5][]\" value=\"Farsi\" aria-errormessage=\"wpforms-2345-field_5_3-error\" aria-describedby=\"wpforms-2345-field_5-description\"  ><label class=\"wpforms-field-label-inline\" for=\"wpforms-2345-field_5_3\">Farsi<\/label><\/li><\/ul><div id=\"wpforms-2345-field_5-description\" class=\"wpforms-field-description\">Du trenger ikke v\u00e6re flytende. Det er ingen test.<\/div><\/fieldset><\/div><script>\n\t\t\t\t( function() {\n\t\t\t\t\tconst style = document.createElement( 'style' );\n\t\t\t\t\tstyle.appendChild( document.createTextNode( '#wpforms-2345-field_3-container { position: absolute !important; overflow: hidden !important; display: inline !important; height: 1px !important; width: 1px !important; z-index: -1000 !important; padding: 0 !important; } #wpforms-2345-field_3-container input { visibility: hidden; } #wpforms-conversational-form-page #wpforms-2345-field_3-container label { counter-increment: none; }' ) );\n\t\t\t\t\tdocument.head.appendChild( style );\n\t\t\t\t\tdocument.currentScript?.remove();\n\t\t\t\t} )();\n\t\t\t<\/script><\/div><!-- .wpforms-field-container --><div class=\"wpforms-submit-container\" ><input type=\"hidden\" name=\"wpforms[id]\" value=\"2345\"><input type=\"hidden\" name=\"page_title\" value=\"\"><input type=\"hidden\" name=\"page_url\" value=\"https:\/\/sicpublish.no\/no\/wp-json\/wp\/v2\/pages\/2280\"><input type=\"hidden\" name=\"url_referer\" value=\"\"><button type=\"submit\" name=\"wpforms[submit]\" id=\"wpforms-submit-2345\" class=\"wpforms-submit\" data-alt-text=\"Registering\u2026\" data-submit-text=\"Register\" aria-live=\"assertive\" value=\"wpforms-submit\">Registrer deg<\/button><img loading=\"lazy\" decoding=\"async\" src=\"https:\/\/sicpublish.no\/wp-content\/plugins\/wpforms-lite\/assets\/images\/submit-spin.svg\" class=\"wpforms-submit-spinner\" style=\"display: none;\" width=\"26\" height=\"26\" alt=\"Loading\"><\/div><input type=\"hidden\" name=\"trp-form-language\" value=\"no\"\/><\/form><\/div>  <!-- .wpforms-container -->\n\n\n<div style=\"height:50px;width:0px\" aria-hidden=\"true\" class=\"wp-block-spacer\"><\/div>\n\n\n\n<h2 class=\"wp-block-heading has-base-color has-text-color has-link-color wp-elements-a49d4216922c3772d7694585de32929a\">Ofte stilte sp\u00f8rsm\u00e5l<\/h2>\n\n\n\n<h4 class=\"wp-block-heading has-base-color has-text-color has-link-color wp-elements-1df4358bc1b6f98eaac07bd4c5e6dca7\">Jeg snakker ikke persisk<\/h4>\n\n\n\n<p>Ingen problem! Med kyndig veiledning, kreative samtaler og en steg-for-steg-tiln\u00e6rming vil vi <strong>bygge bro mellom spr\u00e5k og kulturer p\u00e5 en naturlig, morsom og l\u00e6rerik m\u00e5te.<\/strong> in a way that feels natural, fun, and eye-opening.<\/p>\n\n\n\n<h4 class=\"wp-block-heading has-base-color has-text-color has-link-color wp-elements-c2d7e5e18a0931da1d295a3da5fd553f\">Jeg snakker ikke norsk<\/h4>\n\n\n\n<p>Helt i orden! Vi plasserer deg i en gruppe som vil bruke engelsk \u2013 og kanskje l\u00e6rer du litt norsk underveis.<\/p>\n\n\n\n<h4 class=\"wp-block-heading has-base-color has-text-color has-link-color wp-elements-70eb5eff3f0f8bb3773eb6ef4f6fef9e\"><strong>Er det et foredrag?<\/strong><\/h4>\n\n\n\n<p>Nei! <strong>Det er en opplevelse<\/strong>. Du blir del av et <strong>samarbeidende<\/strong>, leker med spr\u00e5k, utforsker de skjulte lagene i persisk poesi og skaper din egen versjon av teksten.\nDet er en perfekt mulighet til \u00e5 <strong>l\u00e6re mer om persisk kultur, bli kjent med nye mennesker og utfordre dine kreative evner<\/strong>- helt uten \u00e5 m\u00e5tte lese h\u00f8yt foran andre.<\/p>\n\n\n\n<div style=\"height:50px;width:0px\" aria-hidden=\"true\" class=\"wp-block-spacer\"><\/div>\n\n\n\n<h2 class=\"wp-block-heading has-base-color has-text-color has-link-color wp-elements-38c24fcb568301e3899a25433ad3789a\">En morsom og nerdete start p\u00e5 l\u00f8rdagskvelden<\/h2>\n\n\n\n<p>Tenk det som en <strong>kombinasjon av litter\u00e6rt escape room, oversettelseslaboratorium og kulturelt dypdykk.<\/strong>Enten du er poet, spr\u00e5kentusiast, eller bare elsker en god intellektuell utfordring \u2014 bli med p\u00e5 en ettermiddag full av innsikt, kreativitet og nye forbindelser!<\/p>\n\n\n\n<div style=\"height:50px;width:0px\" aria-hidden=\"true\" class=\"wp-block-spacer\"><\/div>\n\n\n\n<h2 class=\"wp-block-heading has-base-color has-text-color has-link-color wp-elements-ddc795b707de61d1f24365baf14f834f\">Se hvem som kommer!<\/h2>\n\n\n<ul><li>kari klinge - Norwegian English<\/li><li>Gunnar - Norwegian<\/li><li>Johanne - Norwegian<\/li><li>H\u00e5vard - Norwegian<\/li><li>Aleksandra - Norwegian English<\/li><li>Fynn - Norwegian English<\/li><li>Nikoline - Norwegian English<\/li><li>Aline - English<\/li><li>Randi Skeie og Torbj\u00f8rn Ljones - Norwegian English<\/li><li>Fatemeh Ekhtesari - Norwegian English Farsi<\/li><li>Oliver - English<\/li><\/ul>\n\n\n\n<div style=\"height:67px\" aria-hidden=\"true\" class=\"wp-block-spacer\"><\/div>\n\n\n\n<h2 class=\"wp-block-heading has-base-color has-text-color has-link-color wp-elements-46d229b21f890adcae8d2fb4c0dcca65\">Vi sees om kort tid!<\/h2>\n\n\n\n<div class=\"wp-block-uagb-countdown uagb-block-e8bfcd3b\"><div class=\"wp-block-uagb-countdown__box wp-block-uagb-countdown__box-days\"><div role=\"timer\" aria-live=\"off\" class=\"wp-block-uagb-countdown__time wp-block-uagb-countdown__time-days\">&#8211;<\/div><div class=\"wp-block-uagb-countdown__label\">Dager<\/div><\/div><div class=\"wp-block-uagb-countdown__box wp-block-uagb-countdown__box-hours\"><div role=\"timer\" aria-live=\"off\" class=\"wp-block-uagb-countdown__time wp-block-uagb-countdown__time-hours\">&#8211;<\/div><div class=\"wp-block-uagb-countdown__label\">Timer<\/div><\/div><div class=\"wp-block-uagb-countdown__box wp-block-uagb-countdown__box-minutes\"><div role=\"timer\" aria-live=\"off\" class=\"wp-block-uagb-countdown__time wp-block-uagb-countdown__time-minutes\">&#8211;<\/div><div class=\"wp-block-uagb-countdown__label\">Minutter<\/div><\/div><div class=\"wp-block-uagb-countdown__box wp-block-uagb-countdown__box-seconds\"><div role=\"timer\" aria-live=\"off\" class=\"wp-block-uagb-countdown__time wp-block-uagb-countdown__time-seconds\">&#8211;<\/div><div class=\"wp-block-uagb-countdown__label\">SECONDS<\/div><\/div><\/div>\n\n\n\n<div style=\"height:50px;width:0px\" aria-hidden=\"true\" class=\"wp-block-spacer\"><\/div>\n<\/div>","protected":false},"excerpt":{"rendered":"<p>Across Languages Across cultures Words so powerful, Iran imprisoned the author &#8230;but, can these words ever be translated? Saturday 3rd May Two part event about Language, Poetry, Translation, Iran, Human Rights and Cross Cultural Communication. Lillehammer Library &#8211; Free &amp; Open to All Sign-up for free and guarantee your place &#8211; Sign-up Or sign-up on [&hellip;]<\/p>","protected":false},"author":2,"featured_media":2532,"parent":0,"menu_order":0,"comment_status":"closed","ping_status":"closed","template":"last-kiss","meta":{"_acf_changed":false,"_uag_custom_page_level_css":"h1,h2,h3,h4,h5,h6,p{ color:#f9f9f9 !important} \n","footnotes":""},"class_list":["post-2280","page","type-page","status-publish","has-post-thumbnail","hentry"],"acf":[],"mb":[],"uagb_featured_image_src":{"full":["https:\/\/sicpublish.no\/wp-content\/uploads\/Translation-Workshop-team2-e1743761952308.png",1798,934,false],"thumbnail":["https:\/\/sicpublish.no\/wp-content\/uploads\/Translation-Workshop-team2-e1743761952308-150x150.png",150,150,true],"medium":["https:\/\/sicpublish.no\/wp-content\/uploads\/Translation-Workshop-team2-e1743761952308-300x156.png",300,156,true],"medium_large":["https:\/\/sicpublish.no\/wp-content\/uploads\/Translation-Workshop-team2-e1743761952308-768x399.png",768,399,true],"large":["https:\/\/sicpublish.no\/wp-content\/uploads\/Translation-Workshop-team2-e1743761952308-1024x532.png",1024,532,true],"1536x1536":["https:\/\/sicpublish.no\/wp-content\/uploads\/Translation-Workshop-team2-e1743761952308-1536x798.png",1536,798,true],"2048x2048":["https:\/\/sicpublish.no\/wp-content\/uploads\/Translation-Workshop-team2-e1743761952308.png",1798,934,false],"trp-custom-language-flag":["https:\/\/sicpublish.no\/wp-content\/uploads\/Translation-Workshop-team2-e1743761952308-18x9.png",18,9,true],"woocommerce_thumbnail":["https:\/\/sicpublish.no\/wp-content\/uploads\/Translation-Workshop-team2-e1743761952308-300x300.png",300,300,true],"woocommerce_single":["https:\/\/sicpublish.no\/wp-content\/uploads\/Translation-Workshop-team2-e1743761952308-600x312.png",600,312,true],"woocommerce_gallery_thumbnail":["https:\/\/sicpublish.no\/wp-content\/uploads\/Translation-Workshop-team2-e1743761952308-100x100.png",100,100,true]},"uagb_author_info":{"display_name":"Oliver Vass","author_link":"https:\/\/sicpublish.no\/no\/author\/oliver\/"},"uagb_comment_info":0,"uagb_excerpt":"Across Languages Across cultures Words so powerful, Iran imprisoned the author &#8230;but, can these words ever be translated? Saturday 3rd May Two part event about Language, Poetry, Translation, Iran, Human Rights and Cross Cultural Communication. Lillehammer Library &#8211; Free &amp; Open to All Sign-up for free and guarantee your place &#8211; Sign-up Or sign-up on&hellip;","jetpack_sharing_enabled":true,"jetpack-related-posts":[{"id":1284,"url":"https:\/\/sicpublish.no\/no\/anthology-stories-from-exiled-writers\/","url_meta":{"origin":2280,"position":0},"title":"Anthology \u2013 Stories from Exiled Writers","author":"Oliver Vass","date":"22 januar 2024","format":false,"excerpt":"This anthology might challenge the meaning of everything! Progress: Selecting Stories 0Day0Hour0Minute0Second Quick Summary We are thrilled to announce the launch of our latest project, with the working title 'Anthology - Stories from Exiled Writers.' This initiative aims to explore the profound impact of personal experiences and cultural influences on\u2026","rel":"","context":"Liknende innlegg","block_context":{"text":"Liknende innlegg","link":""},"img":{"alt_text":"lighted running signage","src":"https:\/\/i0.wp.com\/sicpublish.no\/wp-content\/uploads\/pexels-photo-845265.jpeg?resize=350%2C200&ssl=1","width":350,"height":200,"srcset":"https:\/\/i0.wp.com\/sicpublish.no\/wp-content\/uploads\/pexels-photo-845265.jpeg?resize=350%2C200&ssl=1 1x, https:\/\/i0.wp.com\/sicpublish.no\/wp-content\/uploads\/pexels-photo-845265.jpeg?resize=525%2C300&ssl=1 1.5x, https:\/\/i0.wp.com\/sicpublish.no\/wp-content\/uploads\/pexels-photo-845265.jpeg?resize=700%2C400&ssl=1 2x, https:\/\/i0.wp.com\/sicpublish.no\/wp-content\/uploads\/pexels-photo-845265.jpeg?resize=1050%2C600&ssl=1 3x, https:\/\/i0.wp.com\/sicpublish.no\/wp-content\/uploads\/pexels-photo-845265.jpeg?resize=1400%2C800&ssl=1 4x"},"classes":[]}],"mfb_rest_fields":["title","uagb_featured_image_src","uagb_author_info","uagb_comment_info","uagb_excerpt","jetpack_sharing_enabled","jetpack-related-posts"],"_links":{"self":[{"href":"https:\/\/sicpublish.no\/no\/wp-json\/wp\/v2\/pages\/2280","targetHints":{"allow":["GET"]}}],"collection":[{"href":"https:\/\/sicpublish.no\/no\/wp-json\/wp\/v2\/pages"}],"about":[{"href":"https:\/\/sicpublish.no\/no\/wp-json\/wp\/v2\/types\/page"}],"author":[{"embeddable":true,"href":"https:\/\/sicpublish.no\/no\/wp-json\/wp\/v2\/users\/2"}],"replies":[{"embeddable":true,"href":"https:\/\/sicpublish.no\/no\/wp-json\/wp\/v2\/comments?post=2280"}],"version-history":[{"count":125,"href":"https:\/\/sicpublish.no\/no\/wp-json\/wp\/v2\/pages\/2280\/revisions"}],"predecessor-version":[{"id":2643,"href":"https:\/\/sicpublish.no\/no\/wp-json\/wp\/v2\/pages\/2280\/revisions\/2643"}],"wp:featuredmedia":[{"embeddable":true,"href":"https:\/\/sicpublish.no\/no\/wp-json\/wp\/v2\/media\/2532"}],"wp:attachment":[{"href":"https:\/\/sicpublish.no\/no\/wp-json\/wp\/v2\/media?parent=2280"}],"curies":[{"name":"wp","href":"https:\/\/api.w.org\/{rel}","templated":true}]}}